{"id":137,"date":"2020-01-08T11:47:38","date_gmt":"2020-01-08T11:47:38","guid":{"rendered":"https:\/\/amigosdelcentenillo.org\/?page_id=137"},"modified":"2025-12-28T01:12:51","modified_gmt":"2025-12-28T01:12:51","slug":"fotografia-antigua","status":"publish","type":"page","link":"https:\/\/amigosdelcentenillo.org\/?page_id=137","title":{"rendered":"Fotograf\u00eda antigua"},"content":{"rendered":"\n<figure class=\"wp-block-gallery has-nested-images columns-default wp-block-gallery-1 is-layout-flex wp-block-gallery-is-layout-flex\">\n<figure class=\"wp-block-image size-large\"><a href=\"https:\/\/amigosdelcentenillo.org\/wp-content\/uploads\/2025\/12\/Alcaniz01-Grande.jpg\"><img loading=\"lazy\" decoding=\"async\" width=\"1024\" height=\"502\" data-id=\"255\" src=\"https:\/\/amigosdelcentenillo.org\/wp-content\/uploads\/2025\/12\/Alcaniz01-Grande-1024x502.jpg\" alt=\"\" class=\"wp-image-255\" srcset=\"https:\/\/amigosdelcentenillo.org\/wp-content\/uploads\/2025\/12\/Alcaniz01-Grande-1024x502.jpg 1024w, https:\/\/amigosdelcentenillo.org\/wp-content\/uploads\/2025\/12\/Alcaniz01-Grande-300x147.jpg 300w, https:\/\/amigosdelcentenillo.org\/wp-content\/uploads\/2025\/12\/Alcaniz01-Grande-768x376.jpg 768w, https:\/\/amigosdelcentenillo.org\/wp-content\/uploads\/2025\/12\/Alcaniz01-Grande.jpg 1366w\" sizes=\"auto, (max-width: 1024px) 100vw, 1024px\" \/><\/a><figcaption class=\"wp-element-caption\">Caser\u00edo de El Centenillo. &lt;1900<\/figcaption><\/figure>\n\n\n\n<figure data-wp-context=\"{&quot;imageId&quot;:&quot;69f63a345bed7&quot;}\" data-wp-interactive=\"core\/image\" data-wp-key=\"69f63a345bed7\" class=\"wp-block-image size-large wp-lightbox-container\"><img loading=\"lazy\" decoding=\"async\" width=\"1024\" height=\"502\" data-wp-class--hide=\"state.isContentHidden\" data-wp-class--show=\"state.isContentVisible\" data-wp-init=\"callbacks.setButtonStyles\" data-wp-on--click=\"actions.showLightbox\" data-wp-on--load=\"callbacks.setButtonStyles\" data-wp-on-window--resize=\"callbacks.setButtonStyles\" data-id=\"256\" src=\"https:\/\/amigosdelcentenillo.org\/wp-content\/uploads\/2025\/12\/Alcaniz01b-Grande-1024x502.jpg\" alt=\"\" class=\"wp-image-256\" srcset=\"https:\/\/amigosdelcentenillo.org\/wp-content\/uploads\/2025\/12\/Alcaniz01b-Grande-1024x502.jpg 1024w, https:\/\/amigosdelcentenillo.org\/wp-content\/uploads\/2025\/12\/Alcaniz01b-Grande-300x147.jpg 300w, https:\/\/amigosdelcentenillo.org\/wp-content\/uploads\/2025\/12\/Alcaniz01b-Grande-768x376.jpg 768w, https:\/\/amigosdelcentenillo.org\/wp-content\/uploads\/2025\/12\/Alcaniz01b-Grande.jpg 1366w\" sizes=\"auto, (max-width: 1024px) 100vw, 1024px\" \/><button\n\t\t\tclass=\"lightbox-trigger\"\n\t\t\ttype=\"button\"\n\t\t\taria-haspopup=\"dialog\"\n\t\t\taria-label=\"Agrandar\"\n\t\t\tdata-wp-init=\"callbacks.initTriggerButton\"\n\t\t\tdata-wp-on--click=\"actions.showLightbox\"\n\t\t\tdata-wp-style--right=\"state.imageButtonRight\"\n\t\t\tdata-wp-style--top=\"state.imageButtonTop\"\n\t\t>\n\t\t\t<svg xmlns=\"http:\/\/www.w3.org\/2000\/svg\" width=\"12\" height=\"12\" fill=\"none\" viewBox=\"0 0 12 12\">\n\t\t\t\t<path fill=\"#fff\" d=\"M2 0a2 2 0 0 0-2 2v2h1.5V2a.5.5 0 0 1 .5-.5h2V0H2Zm2 10.5H2a.5.5 0 0 1-.5-.5V8H0v2a2 2 0 0 0 2 2h2v-1.5ZM8 12v-1.5h2a.5.5 0 0 0 .5-.5V8H12v2a2 2 0 0 1-2 2H8Zm2-12a2 2 0 0 1 2 2v2h-1.5V2a.5.5 0 0 0-.5-.5H8V0h2Z\" \/>\n\t\t\t<\/svg>\n\t\t<\/button><\/figure>\n\n\n\n<figure class=\"wp-block-image size-large\"><img loading=\"lazy\" decoding=\"async\" width=\"1024\" height=\"502\" data-id=\"254\" src=\"https:\/\/amigosdelcentenillo.org\/wp-content\/uploads\/2025\/12\/Alcaniz01c-Grande-1024x502.jpg\" alt=\"\" class=\"wp-image-254\" srcset=\"https:\/\/amigosdelcentenillo.org\/wp-content\/uploads\/2025\/12\/Alcaniz01c-Grande-1024x502.jpg 1024w, https:\/\/amigosdelcentenillo.org\/wp-content\/uploads\/2025\/12\/Alcaniz01c-Grande-300x147.jpg 300w, https:\/\/amigosdelcentenillo.org\/wp-content\/uploads\/2025\/12\/Alcaniz01c-Grande-768x376.jpg 768w, https:\/\/amigosdelcentenillo.org\/wp-content\/uploads\/2025\/12\/Alcaniz01c-Grande.jpg 1366w\" sizes=\"auto, (max-width: 1024px) 100vw, 1024px\" \/><figcaption class=\"wp-element-caption\">Caser\u00edo de El Centenillo. &lt;1900<\/figcaption><\/figure>\n<\/figure>\n\n\n\n<p>NOTA LEGAL: Las fotograf\u00edas se publican por considerarlas de inter\u00e9s cultural y etnogr\u00e1fico relacionado con la Historia de El Centenillo.<\/p>\n\n\n\n<p>Si consideras que alguna de estas fotograf\u00edas no deber\u00eda de estar p\u00fablica por alguna raz\u00f3n, ponte en contacto a trav\u00e9s de <a href=\"mailto:amigosdelcentenillo@gmail.com\">amigosdelcentenillo@gmail.com<\/a><\/p>\n\n\n\n<p>El uso de&nbsp;fotos antiguas con inter\u00e9s cultural o hist\u00f3rico&nbsp;en Espa\u00f1a implica un balance entre la&nbsp;Ley Org\u00e1nica de Protecci\u00f3n de Datos Personales y garant\u00eda de los derechos digitales (LOPDGDD), la&nbsp;Ley del Patrimonio Hist\u00f3rico Espa\u00f1ol&nbsp;y el&nbsp;derecho a la propia imagen.<\/p>\n","protected":false},"excerpt":{"rendered":"<p>NOTA LEGAL: Las fotograf\u00edas se publican por considerarlas de inter\u00e9s cultural y etnogr\u00e1fico relacionado con la Historia de El Centenillo. Si consideras que alguna de estas fotograf\u00edas no deber\u00eda de estar p\u00fablica por alguna raz\u00f3n, ponte en contacto a trav\u00e9s &hellip; <a href=\"https:\/\/amigosdelcentenillo.org\/?page_id=137\">Sigue leyendo <span class=\"meta-nav\">&rarr;<\/span><\/a><\/p>\n","protected":false},"author":1,"featured_media":0,"parent":135,"menu_order":0,"comment_status":"closed","ping_status":"closed","template":"","meta":{"ngg_post_thumbnail":0,"footnotes":""},"class_list":["post-137","page","type-page","status-publish","hentry"],"_links":{"self":[{"href":"https:\/\/amigosdelcentenillo.org\/index.php?rest_route=\/wp\/v2\/pages\/137","targetHints":{"allow":["GET"]}}],"collection":[{"href":"https:\/\/amigosdelcentenillo.org\/index.php?rest_route=\/wp\/v2\/pages"}],"about":[{"href":"https:\/\/amigosdelcentenillo.org\/index.php?rest_route=\/wp\/v2\/types\/page"}],"author":[{"embeddable":true,"href":"https:\/\/amigosdelcentenillo.org\/index.php?rest_route=\/wp\/v2\/users\/1"}],"replies":[{"embeddable":true,"href":"https:\/\/amigosdelcentenillo.org\/index.php?rest_route=%2Fwp%2Fv2%2Fcomments&post=137"}],"version-history":[{"count":8,"href":"https:\/\/amigosdelcentenillo.org\/index.php?rest_route=\/wp\/v2\/pages\/137\/revisions"}],"predecessor-version":[{"id":267,"href":"https:\/\/amigosdelcentenillo.org\/index.php?rest_route=\/wp\/v2\/pages\/137\/revisions\/267"}],"up":[{"embeddable":true,"href":"https:\/\/amigosdelcentenillo.org\/index.php?rest_route=\/wp\/v2\/pages\/135"}],"wp:attachment":[{"href":"https:\/\/amigosdelcentenillo.org\/index.php?rest_route=%2Fwp%2Fv2%2Fmedia&parent=137"}],"curies":[{"name":"wp","href":"https:\/\/api.w.org\/{rel}","templated":true}]}}