{"id":2,"date":"2019-12-25T10:49:21","date_gmt":"2019-12-25T10:49:21","guid":{"rendered":"https:\/\/amigosdelcentenillo.org\/?page_id=2"},"modified":"2023-01-21T11:47:35","modified_gmt":"2023-01-21T11:47:35","slug":"sample-page","status":"publish","type":"page","link":"https:\/\/amigosdelcentenillo.org\/","title":{"rendered":""},"content":{"rendered":"\n<p><\/p>\n\n\n\n<p><\/p>\n\n\n\n<p><strong>Bienvenidos a la p\u00e1gina de Amigos de El Centenillo.<\/strong><\/p>\n\n\n\n<p>La Asociaci\u00f3n no es m\u00e1s que un lugar de encuentro para gente que quiera saber, investigar, recordar historias pasadas y presentes que han conformado El Centenillo que hoy tenemos.<\/p>\n\n\n\n<p><strong>Nuestros intereses:<\/strong><br>&#8211; Recopilar documentaci\u00f3n relativa a El Centenillo, de fondos privados y p\u00fablicos<br>&#8211; Recopilar historias de cada uno de vosotros, testigos de una vida personal y social.<br>&#8211; Ponerla a disposici\u00f3n de todo aquel que quiera saber la rica historia llenas de historias que El Centenillo encierra.<\/p>\n\n\n\n<p><strong>Nuestras acciones<\/strong><br>&#8211; Adquirir documentaci\u00f3n, originales o copias digitalizadas de documentos (fotograf\u00edas, documentos mercantiles, empresariales&#8230;.)<br>&#8211; Seg\u00fan los derechos de autor, publicaci\u00f3n&#8230;.ponerlas a disposici\u00f3n de vosotros, mediante:<br>&#8211; Exposiciones<br>&#8211; Creaci\u00f3n de un archivo digital<\/p>\n\n\n\n<p>Responsables del cuidado de este patrimonio, entre nuestras acciones tambi\u00e9n est\u00e1 la interacci\u00f3n con las diferentes administraciones, siempre desde la colaboraci\u00f3n, pero tambi\u00e9n con la exigencia de las responsabilidades que a ellos compete, mediante la presentaci\u00f3n de cuantas instancias sean necesarias y obligadas desde la responsabilidad civil y social, que como entidad dedicada a la vigilancia del patrimonio tenemos y adquirimos.<\/p>\n\n\n\n<p><strong>Bienvenidos a la p\u00e1gina de Amigos de El Centenillo.<\/strong><\/p>\n\n\n\n<p>La Asociaci\u00f3n no es m\u00e1s que un lugar de encuentro para gente que quiera saber, investigar, recordar historias pasadas y presentes que han conformado El Centenillo que hoy tenemos.<\/p>\n\n\n\n<p><strong>Nuestros intereses:<\/strong><br>&#8211; Recopilar documentaci\u00f3n relativa a El Centenillo, de fondos privados y p\u00fablicos<br>&#8211; Recopilar historias de cada uno de vosotros, testigos de una vida personal y social.<br>&#8211; Ponerla a disposici\u00f3n de todo aquel que quiera saber la rica historia llenas de historias que El Centenillo encierra.<\/p>\n\n\n\n<p><strong>Nuestras acciones<\/strong><br>&#8211; Adquirir documentaci\u00f3n, originales o copias digitalizadas de documentos (fotograf\u00edas, documentos mercantiles, empresariales&#8230;.)<br>&#8211; Seg\u00fan los derechos de autor, publicaci\u00f3n&#8230;.ponerlas a disposici\u00f3n de vosotros, mediante:<br>&#8211; Exposiciones<br>&#8211; Creaci\u00f3n de un archivo digital<\/p>\n\n\n\n<p>Responsables del cuidado de este patrimonio, entre nuestras acciones tambi\u00e9n est\u00e1 la interacci\u00f3n con las diferentes administraciones, siempre desde la colaboraci\u00f3n, pero tambi\u00e9n con la exigencia de las responsabilidades que a ellos compete, mediante la presentaci\u00f3n de cuantas instancias sean necesarias y obligadas desde la responsabilidad civil y social, que como entidad dedicada a la vigilancia del patrimonio tenemos y adquirimos.<\/p>\n","protected":false},"excerpt":{"rendered":"<p>Bienvenidos a la p\u00e1gina de Amigos de El Centenillo. La Asociaci\u00f3n no es m\u00e1s que un lugar de encuentro para gente que quiera saber, investigar, recordar historias pasadas y presentes que han conformado El Centenillo que hoy tenemos. Nuestros intereses:&#8211; &hellip; <a href=\"https:\/\/amigosdelcentenillo.org\/\">Sigue leyendo <span class=\"meta-nav\">&rarr;<\/span><\/a><\/p>\n","protected":false},"author":1,"featured_media":0,"parent":0,"menu_order":0,"comment_status":"closed","ping_status":"closed","template":"template-fullwidth.php","meta":{"ngg_post_thumbnail":0,"footnotes":""},"class_list":["post-2","page","type-page","status-publish","hentry"],"_links":{"self":[{"href":"https:\/\/amigosdelcentenillo.org\/index.php?rest_route=\/wp\/v2\/pages\/2","targetHints":{"allow":["GET"]}}],"collection":[{"href":"https:\/\/amigosdelcentenillo.org\/index.php?rest_route=\/wp\/v2\/pages"}],"about":[{"href":"https:\/\/amigosdelcentenillo.org\/index.php?rest_route=\/wp\/v2\/types\/page"}],"author":[{"embeddable":true,"href":"https:\/\/amigosdelcentenillo.org\/index.php?rest_route=\/wp\/v2\/users\/1"}],"replies":[{"embeddable":true,"href":"https:\/\/amigosdelcentenillo.org\/index.php?rest_route=%2Fwp%2Fv2%2Fcomments&post=2"}],"version-history":[{"count":7,"href":"https:\/\/amigosdelcentenillo.org\/index.php?rest_route=\/wp\/v2\/pages\/2\/revisions"}],"predecessor-version":[{"id":214,"href":"https:\/\/amigosdelcentenillo.org\/index.php?rest_route=\/wp\/v2\/pages\/2\/revisions\/214"}],"wp:attachment":[{"href":"https:\/\/amigosdelcentenillo.org\/index.php?rest_route=%2Fwp%2Fv2%2Fmedia&parent=2"}],"curies":[{"name":"wp","href":"https:\/\/api.w.org\/{rel}","templated":true}]}}